{"id":2763,"date":"2017-07-12T08:08:00","date_gmt":"2017-07-12T08:08:00","guid":{"rendered":"https:\/\/projekti.web-er.si\/tds\/?page_id=2763\/"},"modified":"2018-11-03T11:27:14","modified_gmt":"2018-11-03T11:27:14","slug":"savinja-lace","status":"publish","type":"page","link":"https:\/\/old.td-sempeter.si\/en\/cultural-sights\/savinja-lace\/","title":{"rendered":"Savinja Lace"},"content":{"rendered":"<p>Savinja lace is made by the Koci\u010d family in \u0160empeter. Helena Koci\u010d creates the lace, while her husband Hranislav prepares the motifs.\u00a0<strong>Unique lace<\/strong>, made mostly in Baroque and realistic styles, is geographically\u00a0<strong>protected and registered<\/strong>\u00a0by the Copyright Agency of Slovenia.<\/p>\n<h2>Hops and Necropolis motifs<\/h2>\n<p>Lace with mostly asymmetric lines comes in various motifs. Some of them, for example Slovene flowers, birds or butterflies, are general and widespread, while others are unique, most notably hops and the Roman Necropolis. Those unique motifs depict the greatest treasures of the Lower Savinja Valley and make the Savinja lace special.<\/p>\n<h2>Helena and Hranislav<\/h2>\n<p>The lace maker,\u00a0<strong>Mrs Helena Koci\u010d<\/strong>, has always fancied knitting, crocheting and lace making. An economist by profession, she devoted completely to her hobbies after she had retired. She makes different styles of lace, but predominately Savinja traditional lace. Her husband,\u00a0<strong>Hranislav Koci\u010d<\/strong>, is also an economist, but has always liked to paint, sculpture, engrave and garden. Besides all of that, Hranislav also prepares the ideas and motifs that his wife incorporates into the Savinja lace.<\/p>\n<h3>Information<\/h3>\n<p><strong>Address<\/strong>:<br \/>\nVrtna ulica 6<br \/>\n\u0160empeter v Savinjski dolini<\/p>\n<p><strong>Telefon<\/strong>:<br \/>\n+386 3 570 1100<\/p>\n<p><strong>Mobile<\/strong>:<br \/>\n+386 40 637 961<\/p>\n<p><strong>Working hours<\/strong>:<br \/>\nby arrangement<\/p>\n","protected":false},"excerpt":{"rendered":"<p>Savinja lace is made by the Koci\u010d family in \u0160empeter. Helena Koci\u010d creates the lace, while her husband Hranislav prepares the motifs.\u00a0Unique lace, made mostly in Baroque and realistic styles, is geographically\u00a0protected and registered\u00a0by the Copyright Agency of Slovenia. Hops and Necropolis motifs Lace with mostly asymmetric lines comes in various motifs. Some of them, [&hellip;]<\/p>\n","protected":false},"author":1,"featured_media":3877,"parent":2642,"menu_order":7,"comment_status":"closed","ping_status":"closed","template":"","meta":{"footnotes":""},"acf":[],"aioseo_notices":[],"_links":{"self":[{"href":"https:\/\/old.td-sempeter.si\/en\/wp-json\/wp\/v2\/pages\/2763"}],"collection":[{"href":"https:\/\/old.td-sempeter.si\/en\/wp-json\/wp\/v2\/pages"}],"about":[{"href":"https:\/\/old.td-sempeter.si\/en\/wp-json\/wp\/v2\/types\/page"}],"author":[{"embeddable":true,"href":"https:\/\/old.td-sempeter.si\/en\/wp-json\/wp\/v2\/users\/1"}],"replies":[{"embeddable":true,"href":"https:\/\/old.td-sempeter.si\/en\/wp-json\/wp\/v2\/comments?post=2763"}],"version-history":[{"count":3,"href":"https:\/\/old.td-sempeter.si\/en\/wp-json\/wp\/v2\/pages\/2763\/revisions"}],"predecessor-version":[{"id":3882,"href":"https:\/\/old.td-sempeter.si\/en\/wp-json\/wp\/v2\/pages\/2763\/revisions\/3882"}],"up":[{"embeddable":true,"href":"https:\/\/old.td-sempeter.si\/en\/wp-json\/wp\/v2\/pages\/2642"}],"wp:featuredmedia":[{"embeddable":true,"href":"https:\/\/old.td-sempeter.si\/en\/wp-json\/wp\/v2\/media\/3877"}],"wp:attachment":[{"href":"https:\/\/old.td-sempeter.si\/en\/wp-json\/wp\/v2\/media?parent=2763"}],"curies":[{"name":"wp","href":"https:\/\/api.w.org\/{rel}","templated":true}]}}