{"id":2656,"date":"2017-07-11T14:47:18","date_gmt":"2017-07-11T14:47:18","guid":{"rendered":"https:\/\/projekti.web-er.si\/tds\/?page_id=2656\/"},"modified":"2017-08-01T09:34:50","modified_gmt":"2017-08-01T09:34:50","slug":"contact","status":"publish","type":"page","link":"https:\/\/old.td-sempeter.si\/en\/contact\/","title":{"rendered":"Contact"},"content":{"rendered":"<h2>Tourism association \u0160empeter<\/h2>\n<p><strong>E-mail:<\/strong><br \/>\n<a href=\"mailto:info@td-sempeter.si\">info@td-sempeter.si<\/a><\/p>\n<p><strong>Address:<\/strong><br \/>\nTuristi\u010dno dru\u0161tvo \u0160empeter<br \/>\nOb rimski nekropoli 2<br \/>\n3311 \u0160empeter v Savinjski dolini<br \/>\nSlovenia<\/p>\n<p><strong>Telephone:<\/strong><br \/>\n<a href=\"tel:+386 3 700 20 56\">+386 3 700 20 56<\/a><\/p>\n<p><a href=\"tel:+386 31 645 937\">+386 31 645 937<\/a><\/p>\n<h3>Contact form<\/h3>\n\n<div class=\"wpcf7 no-js\" id=\"wpcf7-f2799-o1\" lang=\"sl-SI\" dir=\"ltr\">\n<div class=\"screen-reader-response\"><p role=\"status\" aria-live=\"polite\" aria-atomic=\"true\"><\/p> <ul><\/ul><\/div>\n<form action=\"\/en\/wp-json\/wp\/v2\/pages\/2656#wpcf7-f2799-o1\" method=\"post\" class=\"wpcf7-form init\" aria-label=\"Contact form\" novalidate=\"novalidate\" data-status=\"init\">\n<div style=\"display: none;\">\n<input type=\"hidden\" name=\"_wpcf7\" value=\"2799\" \/>\n<input type=\"hidden\" name=\"_wpcf7_version\" value=\"5.8.5\" \/>\n<input type=\"hidden\" name=\"_wpcf7_locale\" value=\"sl_SI\" \/>\n<input type=\"hidden\" name=\"_wpcf7_unit_tag\" value=\"wpcf7-f2799-o1\" \/>\n<input type=\"hidden\" name=\"_wpcf7_container_post\" value=\"0\" \/>\n<input type=\"hidden\" name=\"_wpcf7_posted_data_hash\" value=\"\" \/>\n<\/div>\n<p><label> Your Name (required)<br \/>\n<span class=\"wpcf7-form-control-wrap\" data-name=\"your-name\"><input size=\"40\" class=\"wpcf7-form-control wpcf7-text wpcf7-validates-as-required\" aria-required=\"true\" aria-invalid=\"false\" value=\"\" type=\"text\" name=\"your-name\" \/><\/span> <\/label>\n<\/p>\n<p><label> Your Email (required)<br \/>\n<span class=\"wpcf7-form-control-wrap\" data-name=\"your-email\"><input size=\"40\" class=\"wpcf7-form-control wpcf7-email wpcf7-validates-as-required wpcf7-text wpcf7-validates-as-email\" aria-required=\"true\" aria-invalid=\"false\" value=\"\" type=\"email\" name=\"your-email\" \/><\/span> <\/label>\n<\/p>\n<p><label> Subject<br \/>\n<span class=\"wpcf7-form-control-wrap\" data-name=\"your-subject\"><input size=\"40\" class=\"wpcf7-form-control wpcf7-text\" aria-invalid=\"false\" value=\"\" type=\"text\" name=\"your-subject\" \/><\/span> <\/label>\n<\/p>\n<p><label> Your Message<br \/>\n<span class=\"wpcf7-form-control-wrap\" data-name=\"your-message\"><textarea cols=\"40\" rows=\"10\" class=\"wpcf7-form-control wpcf7-textarea\" aria-invalid=\"false\" name=\"your-message\"><\/textarea><\/span> <\/label>\n<\/p>\n<p><input class=\"wpcf7-form-control wpcf7-submit has-spinner\" type=\"submit\" value=\"Send\" \/>\n<\/p><div class=\"wpcf7-response-output\" aria-hidden=\"true\"><\/div>\n<\/form>\n<\/div>\n\n","protected":false},"excerpt":{"rendered":"<p>Tourism association \u0160empeter E-mail: info@td-sempeter.si Address: Turisti\u010dno dru\u0161tvo \u0160empeter Ob rimski nekropoli 2 3311 \u0160empeter v Savinjski dolini Slovenia Telephone: +386 3 700 20 56 +386 31 645 937 Contact form<\/p>\n","protected":false},"author":1,"featured_media":0,"parent":0,"menu_order":0,"comment_status":"closed","ping_status":"closed","template":"","meta":{"footnotes":""},"acf":[],"aioseo_notices":[],"_links":{"self":[{"href":"https:\/\/old.td-sempeter.si\/en\/wp-json\/wp\/v2\/pages\/2656"}],"collection":[{"href":"https:\/\/old.td-sempeter.si\/en\/wp-json\/wp\/v2\/pages"}],"about":[{"href":"https:\/\/old.td-sempeter.si\/en\/wp-json\/wp\/v2\/types\/page"}],"author":[{"embeddable":true,"href":"https:\/\/old.td-sempeter.si\/en\/wp-json\/wp\/v2\/users\/1"}],"replies":[{"embeddable":true,"href":"https:\/\/old.td-sempeter.si\/en\/wp-json\/wp\/v2\/comments?post=2656"}],"version-history":[{"count":2,"href":"https:\/\/old.td-sempeter.si\/en\/wp-json\/wp\/v2\/pages\/2656\/revisions"}],"predecessor-version":[{"id":3151,"href":"https:\/\/old.td-sempeter.si\/en\/wp-json\/wp\/v2\/pages\/2656\/revisions\/3151"}],"wp:attachment":[{"href":"https:\/\/old.td-sempeter.si\/en\/wp-json\/wp\/v2\/media?parent=2656"}],"curies":[{"name":"wp","href":"https:\/\/api.w.org\/{rel}","templated":true}]}}